{"id":154,"date":"2022-07-01T18:10:00","date_gmt":"2022-07-01T18:10:00","guid":{"rendered":"http:\/\/bsh-bv.be\/?page_id=154"},"modified":"2022-08-12T15:02:02","modified_gmt":"2022-08-12T15:02:02","slug":"privacybeleid","status":"publish","type":"page","link":"https:\/\/bsh-bv.be\/fr\/privacybeleid\/","title":{"rendered":"Privacybeleid"},"content":{"rendered":"\r\n<p>Ce site web est propri\u00e9t\u00e9 de BSH BV<\/p>\r\n<p>Coordonn\u00e9es<br \/>BSH BV<\/p>\r\n<p>Heirweg 200<br \/>9270 Laarne<\/p>\r\n<p>Tel: +32 9 329 57 92<br \/>E-mail: info@bsh-bv.be<\/p>\r\n<p>BE 0885.553.580<\/p>\r\n<p>En acc\u00e9dant et en utilisant le site web vous reconnaissez explicitement accepter les conditions g\u00e9n\u00e9rales suivantes:<\/p>\r\n<p><strong>Politique de confidentialit\u00e9<\/strong><br \/>Les seules donn\u00e9es qui seront gard\u00e9es sont les donn\u00e9es de contact introduites dans le formulaire de contact. Les donn\u00e9es ne seront utilis\u00e9es que pour contacter le visiteur. Ces donn\u00e9es ne seront en aucun cas partag\u00e9es avec des tiers.<\/p>\r\n<p>Daedalus Holding BV, le responsable du traitement, s\u2019engage \u00e0 garantir la protection des donn\u00e9es \u00e0 caract\u00e8re personnel au mieux de ses possibilit\u00e9s par des prescriptions techniques de s\u00e9curit\u00e9 et une politique de s\u00e9curit\u00e9 ad\u00e9quate.<\/p>\r\n<p>L\u2019utilisateur poss\u00e8de un droit l\u00e9gale d\u2019inspection et de correction \u00e9ventuel des donn\u00e9es personnelles. Il suffit de contacter Daedalus Holding BV.<\/p>\r\n<p><strong>Utilisation de cookies<\/strong><\/p>\r\n<p>Lors de votre visite sur le site web, des cookies peuvent \u00eatre envoy\u00e9s vers votre disque dur en vue d\u2019am\u00e9liorer l\u2019exp\u00e9rience d\u2019utilisation des utilisateurs r\u00e9currents. Des navigateurs internet vous permettent d\u2019emp\u00eacher l\u2019utilisation de cookies, de recevoir un avertissement avant l\u2019installation d\u2019un cookie ou de supprimer les cookies de votre disque dur. Veuillez consulter la fonction d\u2019aide de votre navigateur internet.<\/p>\r\n<p><strong>Utilisation de Google Analytics<\/strong><\/p>\r\n<p>Ce site utilise Google Analytics, un service d\u2019analyse de site internet fourni par Google Inc. (Google). Google Analytics utilise des cookies pour analyser l\u2019utilisation d\u2019un site par ses utilisateurs. L\u2019information g\u00e9n\u00e9r\u00e9e par le cookie sur votre utilisation du site web (y inclus votre adresse IP) sera transf\u00e9r\u00e9e \u00e0 et sauvegarde par Google sur les serveurs aux \u00c9tats-Unis. Google utilise cette information pour suivre comment vous utilisez le site web, pour \u00e9laborer des rapports sur l\u2019activit\u00e9 sur le site web pour ses exploitants et pour offrir d\u2019autres services concernant l\u2019activit\u00e9 sur le site et l\u2019utilisation d\u2019internet. Google peut transf\u00e9rer cette information aux tiers si Google est l\u00e9galement oblig\u00e9 de le faire, ou dans la mesure o\u00f9 ces tiers traitent l\u2019information au nom de Google. Google ne combinera pas votre adresse IP avec les autres donn\u00e9es qu\u2019elle a \u00e0 sa disposition. Vous pouvez d\u00e9sactiver l\u2019utilisation de cookies en s\u00e9lectionnant les param\u00e8tres appropri\u00e9s de votre navigateur. Nous pr\u00e9cisons toutefois que vous ne pourriez pas utiliser pleinement toutes les fonctions sur le pr\u00e9sent site web. En utilisant ce site web, vous consentez au traitement de l\u2019information par Google de la mani\u00e8re et pour les buts d\u00e9crits ci-dessus.<\/p>\r\n<p><strong>Droits de propri\u00e9t\u00e9 intellectuelle<\/strong><br \/>Le contenu de ce site, y inclus les marques, logos, dessins, donn\u00e9es, noms de produits ou d\u2019entreprises, textes, images etc., est prot\u00e9g\u00e9 par les droits de propri\u00e9t\u00e9 intellectuelle et est la propri\u00e9t\u00e9 de BSH BV ou de tiers.<\/p>\r\n<p><strong>Limitation de responsabilit\u00e9<\/strong><br \/>L\u2019information sur le site web a un caract\u00e8re g\u00e9n\u00e9ral. L\u2019information n\u2019est pas adapt\u00e9e a des circonstances personnelles ou sp\u00e9cifiques, et ne peut donc pas \u00eatre consid\u00e9r\u00e9e comme avis personnel, professionnel ou juridique \u00e0 l\u2019utilisateur. Si vous avez besoin d\u2019avis personnel, vous pouvez toujours contacter BSH BV.<\/p>\r\n<p>BSH BV fait de grands efforts pour que l\u2019information disponible soit compl\u00e8te, correcte, pr\u00e9cise et actualis\u00e9e. Malgr\u00e9 ces efforts, des erreurs peuvent figurer dans les informations mises \u00e0 votre disposition. Si les informations fournies comportaient des erreurs, ou si certaines informations ne seraient pas disponibles, BSH BV mettra tout en \u0153uvre pour rectifier la situation au plus vite.<\/p>\r\n<p>N\u00e9anmoins, BSH BV ne peut pas \u00eatre tenu responsable pour des dommages directs ou indirects qui r\u00e9sulteraient de l\u2019utilisation de l\u2019information sur ce site web.<\/p>\r\n<p>N\u2019h\u00e9sitez pas de contacter BSH BV si vous constatez des erreurs dans les informations mises \u00e0 disposition sur ce site.<\/p>\r\n<p>Le contenu du site (y compris les liens) peut \u00eatre adapt\u00e9, modifi\u00e9 ou compl\u00e9t\u00e9 \u00e0 tout moment sans avertissement ni communication aucune. BSH BV ne fait aucune garantie pour la bonne fonctionnement du site web et ne peut en aucun cas \u00eatre tenue pour responsable d\u2019un mauvais fonctionnement ou d\u2019un (in)disponibilit\u00e9 temporaire du site web, ou pour tout type de pr\u00e9judice direct ou indirect qui r\u00e9sulterait de l\u2019acc\u00e8s \u00e0 ou l\u2019utilisation du site web.<\/p>\r\n<p>BSH BV ne peut en aucun cas \u00eatre tenue pour responsable envers quiconque de dommages dus \u00e0 l\u2019utilisation de ce site ou d\u2019un autre, particuli\u00e8rement \u00e0 la suite de liens ou hyperliens, y inclus, sans limitation, de tous les pertes, interruptions de travail, corruptions de programmes ou autres fichiers sur des syst\u00e8mes informatiques, des \u00e9quipements, des logiciels etc. de l\u2019utilisateur.<\/p>\r\n<p>Le site web peut contenir des hyperliens vers des sites ou des pages de tiers ou de partenaires, ou y faire indirectement r\u00e9f\u00e9rence. La mention de liens vers ces sites ou ces pages web n\u2019implique en aucune fa\u00e7on que le propri\u00e9taire du pr\u00e9sent site en approuve implicitement leur contenu. BSH BV d\u00e9clare explicitement qu\u2019elle n\u2019a pas de contr\u00f4le sur le contenu ou d\u2019autres caract\u00e9ristiques de ces sites web et ne peut en aucun cas \u00eatre tenu pour responsable de leur contenu ou caract\u00e9ristiques ou pour toute autre forme de pr\u00e9judice caus\u00e9 par leur utilisation.<\/p>\r\n<p><strong>Droit applicable et tribunaux comp\u00e9tents<\/strong><br \/>Le droit belge s&rsquo;applique \u00e0 ce site. En cas de litige, seuls les tribunaux de l&rsquo;arrondissement du si\u00e8ge social de BSH bv sont comp\u00e9tents.<\/p>\r\n","protected":false},"excerpt":{"rendered":"<p>Ce site web est propri\u00e9t\u00e9 de BSH BV Coordonn\u00e9esBSH BV  [&#8230;]<\/p>\n","protected":false},"author":1,"featured_media":0,"parent":0,"menu_order":0,"comment_status":"closed","ping_status":"open","template":"","meta":{"om_disable_all_campaigns":false,"_monsterinsights_skip_tracking":false,"_monsterinsights_sitenote_active":false,"_monsterinsights_sitenote_note":"","_monsterinsights_sitenote_category":0,"_uf_show_specific_survey":0,"_uf_disable_surveys":false,"footnotes":""},"class_list":["post-154","page","type-page","status-publish","hentry"],"aioseo_notices":[],"_links":{"self":[{"href":"https:\/\/bsh-bv.be\/fr\/wp-json\/wp\/v2\/pages\/154","targetHints":{"allow":["GET"]}}],"collection":[{"href":"https:\/\/bsh-bv.be\/fr\/wp-json\/wp\/v2\/pages"}],"about":[{"href":"https:\/\/bsh-bv.be\/fr\/wp-json\/wp\/v2\/types\/page"}],"author":[{"embeddable":true,"href":"https:\/\/bsh-bv.be\/fr\/wp-json\/wp\/v2\/users\/1"}],"replies":[{"embeddable":true,"href":"https:\/\/bsh-bv.be\/fr\/wp-json\/wp\/v2\/comments?post=154"}],"version-history":[{"count":0,"href":"https:\/\/bsh-bv.be\/fr\/wp-json\/wp\/v2\/pages\/154\/revisions"}],"wp:attachment":[{"href":"https:\/\/bsh-bv.be\/fr\/wp-json\/wp\/v2\/media?parent=154"}],"curies":[{"name":"wp","href":"https:\/\/api.w.org\/{rel}","templated":true}]}}